{"id":392,"date":"2017-09-30T16:47:42","date_gmt":"2017-09-30T14:47:42","guid":{"rendered":"https:\/\/www.cercle-de-judo.lu\/?page_id=392"},"modified":"2017-09-30T17:03:00","modified_gmt":"2017-09-30T15:03:00","slug":"dojo","status":"publish","type":"page","link":"https:\/\/www.cercle-de-judo.lu\/","title":{"rendered":"Dojo"},"content":{"rendered":"<p>Notre Dojo se trouve dans le\u00a0<a href=\"https:\/\/www.google.lu\/maps\/place\/Centre+Omnisports+Henri+Schmitz\/@49.5102427,5.9822425,18.31z\/data=!4m5!3m4!1s0x0:0x6ee729c8fc7c75d4!8m2!3d49.5109544!4d5.982053?hl=en\" title=\"Hall Omnisports Henri Schmitz\" target=\"_blank\">Centre Omnisports Henri Schmitz<\/a>, \u00e0 Esch-sur-Alzette.<br \/>\nPour acc\u00e9der \u00e0 notre salle, veuillez prendre l&#8217;entr\u00e9e situ\u00e9e \u00e0 gauche du b\u00e2timent (c\u00f4t\u00e9 Tennis Club).<\/p>\n","protected":false},"excerpt":{"rendered":"<p>Notre Dojo se trouve dans le\u00a0Centre Omnisports Henri Schmitz, \u00e0 Esch-sur-Alzette. Pour acc\u00e9der \u00e0 notre salle, veuillez prendre l&#8217;entr\u00e9e situ\u00e9e \u00e0 gauche du b\u00e2timent (c\u00f4t\u00e9 Tennis Club).<\/p>\n","protected":false},"author":13,"featured_media":393,"parent":31,"menu_order":0,"comment_status":"open","ping_status":"open","template":"","meta":{"footnotes":""},"_links":{"self":[{"href":"https:\/\/www.cercle-de-judo.lu\/index.php?rest_route=\/wp\/v2\/pages\/392"}],"collection":[{"href":"https:\/\/www.cercle-de-judo.lu\/index.php?rest_route=\/wp\/v2\/pages"}],"about":[{"href":"https:\/\/www.cercle-de-judo.lu\/index.php?rest_route=\/wp\/v2\/types\/page"}],"author":[{"embeddable":true,"href":"https:\/\/www.cercle-de-judo.lu\/index.php?rest_route=\/wp\/v2\/users\/13"}],"replies":[{"embeddable":true,"href":"https:\/\/www.cercle-de-judo.lu\/index.php?rest_route=%2Fwp%2Fv2%2Fcomments&post=392"}],"version-history":[{"count":5,"href":"https:\/\/www.cercle-de-judo.lu\/index.php?rest_route=\/wp\/v2\/pages\/392\/revisions"}],"predecessor-version":[{"id":399,"href":"https:\/\/www.cercle-de-judo.lu\/index.php?rest_route=\/wp\/v2\/pages\/392\/revisions\/399"}],"up":[{"embeddable":true,"href":"https:\/\/www.cercle-de-judo.lu\/index.php?rest_route=\/wp\/v2\/pages\/31"}],"wp:featuredmedia":[{"embeddable":true,"href":"https:\/\/www.cercle-de-judo.lu\/index.php?rest_route=\/wp\/v2\/media\/393"}],"wp:attachment":[{"href":"https:\/\/www.cercle-de-judo.lu\/index.php?rest_route=%2Fwp%2Fv2%2Fmedia&parent=392"}],"curies":[{"name":"wp","href":"https:\/\/api.w.org\/{rel}","templated":true}]}}